{"id":17,"date":"2017-10-25T23:44:18","date_gmt":"2017-10-25T23:44:18","guid":{"rendered":"https:\/\/27collective.net\/import\/mycity\/?page_id=17"},"modified":"2024-05-16T01:26:28","modified_gmt":"2024-05-15T23:26:28","slug":"add-listing","status":"publish","type":"page","link":"https:\/\/benidorm.online\/en\/add-listing\/","title":{"rendered":"Add a Listing"},"content":{"rendered":"<div data-elementor-type=\"wp-page\" data-elementor-id=\"17\" class=\"elementor elementor-17\">\n\t\t\t\t\t\t<section class=\"elementor-section elementor-top-section elementor-element elementor-element-ofbb32l elementor-section-height-min-height elementor-section-boxed elementor-section-height-default elementor-section-items-middle\" data-id=\"ofbb32l\" data-element_type=\"section\" data-e-type=\"section\" data-settings=\"{&quot;background_background&quot;:&quot;classic&quot;}\">\n\t\t\t\t\t\t<div class=\"elementor-container elementor-column-gap-default\">\n\t\t\t\t\t<div class=\"elementor-column elementor-col-100 elementor-top-column elementor-element elementor-element-w5neot1\" data-id=\"w5neot1\" data-element_type=\"column\" data-e-type=\"column\">\n\t\t\t<div class=\"elementor-widget-wrap elementor-element-populated\">\n\t\t\t\t\t\t<div class=\"elementor-element elementor-element-98caebe elementor-widget elementor-widget-heading\" data-id=\"98caebe\" data-element_type=\"widget\" data-e-type=\"widget\" data-widget_type=\"heading.default\">\n\t\t\t\t<div class=\"elementor-widget-container\">\n\t\t\t\t\t<h2 class=\"elementor-heading-title elementor-size-default\">Add Listing<\/h2>\t\t\t\t<\/div>\n\t\t\t\t<\/div>\n\t\t\t\t<div class=\"elementor-element elementor-element-224cce8 elementor-widget elementor-widget-heading\" data-id=\"224cce8\" data-element_type=\"widget\" data-e-type=\"widget\" data-widget_type=\"heading.default\">\n\t\t\t\t<div class=\"elementor-widget-container\">\n\t\t\t\t\t<h2 class=\"elementor-heading-title elementor-size-default\">Select the listing type<\/h2>\t\t\t\t<\/div>\n\t\t\t\t<\/div>\n\t\t\t\t<div class=\"elementor-element elementor-element-fjzu802 elementor-widget elementor-widget-case27-add-listing-widget\" data-id=\"fjzu802\" data-element_type=\"widget\" data-e-type=\"widget\" data-widget_type=\"case27-add-listing-widget.default\">\n\t\t\t\t<div class=\"elementor-widget-container\">\n\t\t\t\t\t\r\n\t\r\n<section class=\"i-section choose-type\">\r\n\t<div class=\"container-fluid\">\r\n\t\t<div class=\"row section-body\">\r\n\t\t\t\t\t<div class=\"col-md-4 elementor-repeater-item-n1u76y7 col-sm-6 col-xs-12 ac-category\">\r\n\t\t\t\t<div class=\"cat-card\">\r\n\t\t\t\t\t<a href=\"https:\/\/benidorm.online\/en\/add-listing\/?listing_type=place\">\r\n\t\t\t\t\t\t<div class=\"ac-front-side face\">\r\n\t\t\t\t\t\t\t<div class=\"hovering-c\">\r\n\t\t\t\t\t\t\t\t<span class=\"cat-icon\" style=\"color: #fff;\">\r\n\t\t\t\t\t\t\t\t\t\t\t\t<i class=\"mi hotel\"><\/i>\r\n\t\t\t\t\t\t\t\t\t\t<\/span>\r\n\t\t\t\t\t\t\t\t<span class=\"category-name\">Hotel<\/span>\r\n\t\t\t\t\t\t\t<\/div>\r\n\t\t\t\t\t\t<\/div>\r\n\t\t\t\t\t\t<div class=\"ac-back-side face\">\r\n\t\t\t\t\t\t\t<div class=\"hovering-c\">\r\n\t\t\t\t\t\t\t\t<p>Choose type<\/p>\r\n\t\t\t\t\t\t\t<\/div>\r\n\t\t\t\t\t\t<\/div>\r\n\t\t\t\t\t<\/a>\r\n\t\t\t\t<\/div>\r\n\t\t\t<\/div>\r\n\t\t\t\t\t<div class=\"col-md-4 elementor-repeater-item-wlg4cmf col-sm-6 col-xs-12 ac-category\">\r\n\t\t\t\t<div class=\"cat-card\">\r\n\t\t\t\t\t<a href=\"https:\/\/benidorm.online\/en\/add-listing\/?listing_type=event\">\r\n\t\t\t\t\t\t<div class=\"ac-front-side face\">\r\n\t\t\t\t\t\t\t<div class=\"hovering-c\">\r\n\t\t\t\t\t\t\t\t<span class=\"cat-icon\" style=\"color: #fff;\">\r\n\t\t\t\t\t\t\t\t\t\t\t\t<i class=\"mi event\"><\/i>\r\n\t\t\t\t\t\t\t\t\t\t<\/span>\r\n\t\t\t\t\t\t\t\t<span class=\"category-name\">Experiencia<\/span>\r\n\t\t\t\t\t\t\t<\/div>\r\n\t\t\t\t\t\t<\/div>\r\n\t\t\t\t\t\t<div class=\"ac-back-side face\">\r\n\t\t\t\t\t\t\t<div class=\"hovering-c\">\r\n\t\t\t\t\t\t\t\t<p>Choose type<\/p>\r\n\t\t\t\t\t\t\t<\/div>\r\n\t\t\t\t\t\t<\/div>\r\n\t\t\t\t\t<\/a>\r\n\t\t\t\t<\/div>\r\n\t\t\t<\/div>\r\n\t\t\t\t\t<div class=\"col-md-4 elementor-repeater-item-iuylm4t col-sm-6 col-xs-12 ac-category\">\r\n\t\t\t\t<div class=\"cat-card\">\r\n\t\t\t\t\t<a href=\"https:\/\/benidorm.online\/en\/add-listing\/?listing_type=jobs\">\r\n\t\t\t\t\t\t<div class=\"ac-front-side face\">\r\n\t\t\t\t\t\t\t<div class=\"hovering-c\">\r\n\t\t\t\t\t\t\t\t<span class=\"cat-icon\" style=\"color: #fff;\">\r\n\t\t\t\t\t\t\t\t\t\t\t\t<i class=\"mi local_bar\"><\/i>\r\n\t\t\t\t\t\t\t\t\t\t<\/span>\r\n\t\t\t\t\t\t\t\t<span class=\"category-name\">Nightlife<\/span>\r\n\t\t\t\t\t\t\t<\/div>\r\n\t\t\t\t\t\t<\/div>\r\n\t\t\t\t\t\t<div class=\"ac-back-side face\">\r\n\t\t\t\t\t\t\t<div class=\"hovering-c\">\r\n\t\t\t\t\t\t\t\t<p>Choose type<\/p>\r\n\t\t\t\t\t\t\t<\/div>\r\n\t\t\t\t\t\t<\/div>\r\n\t\t\t\t\t<\/a>\r\n\t\t\t\t<\/div>\r\n\t\t\t<\/div>\r\n\t\t\t\t\t<div class=\"col-md-4 elementor-repeater-item-73be44e col-sm-6 col-xs-12 ac-category\">\r\n\t\t\t\t<div class=\"cat-card\">\r\n\t\t\t\t\t<a href=\"https:\/\/benidorm.online\/en\/add-listing\/?listing_type=real-estate\">\r\n\t\t\t\t\t\t<div class=\"ac-front-side face\">\r\n\t\t\t\t\t\t\t<div class=\"hovering-c\">\r\n\t\t\t\t\t\t\t\t<span class=\"cat-icon\" style=\"color: #fff;\">\r\n\t\t\t\t\t\t\t\t\t\t\t\t<i class=\"icon-shopping-basket-1\"><\/i>\r\n\t\t\t\t\t\t\t\t\t\t<\/span>\r\n\t\t\t\t\t\t\t\t<span class=\"category-name\">Shop<\/span>\r\n\t\t\t\t\t\t\t<\/div>\r\n\t\t\t\t\t\t<\/div>\r\n\t\t\t\t\t\t<div class=\"ac-back-side face\">\r\n\t\t\t\t\t\t\t<div class=\"hovering-c\">\r\n\t\t\t\t\t\t\t\t<p>Choose type<\/p>\r\n\t\t\t\t\t\t\t<\/div>\r\n\t\t\t\t\t\t<\/div>\r\n\t\t\t\t\t<\/a>\r\n\t\t\t\t<\/div>\r\n\t\t\t<\/div>\r\n\t\t\t\t\t<div class=\"col-md-4 elementor-repeater-item-e64f427 col-sm-6 col-xs-12 ac-category\">\r\n\t\t\t\t<div class=\"cat-card\">\r\n\t\t\t\t\t<a href=\"https:\/\/benidorm.online\/en\/add-listing\/?listing_type=cars\">\r\n\t\t\t\t\t\t<div class=\"ac-front-side face\">\r\n\t\t\t\t\t\t\t<div class=\"hovering-c\">\r\n\t\t\t\t\t\t\t\t<span class=\"cat-icon\" style=\"color: #fff;\">\r\n\t\t\t\t\t\t\t\t\t\t\t\t<i class=\"mi restaurant_menu\"><\/i>\r\n\t\t\t\t\t\t\t\t\t\t<\/span>\r\n\t\t\t\t\t\t\t\t<span class=\"category-name\">Restaurante<\/span>\r\n\t\t\t\t\t\t\t<\/div>\r\n\t\t\t\t\t\t<\/div>\r\n\t\t\t\t\t\t<div class=\"ac-back-side face\">\r\n\t\t\t\t\t\t\t<div class=\"hovering-c\">\r\n\t\t\t\t\t\t\t\t<p>Choose type<\/p>\r\n\t\t\t\t\t\t\t<\/div>\r\n\t\t\t\t\t\t<\/div>\r\n\t\t\t\t\t<\/a>\r\n\t\t\t\t<\/div>\r\n\t\t\t<\/div>\r\n\t\t\t\t\t<div class=\"col-md-4 elementor-repeater-item-a522745 col-sm-6 col-xs-12 ac-category\">\r\n\t\t\t\t<div class=\"cat-card\">\r\n\t\t\t\t\t<a href=\"https:\/\/benidorm.online\/en\/add-listing\/?listing_type=salud-y-belleza\">\r\n\t\t\t\t\t\t<div class=\"ac-front-side face\">\r\n\t\t\t\t\t\t\t<div class=\"hovering-c\">\r\n\t\t\t\t\t\t\t\t<span class=\"cat-icon\" style=\"color: #fff;\">\r\n\t\t\t\t\t\t\t\t\t\t\t\t<i class=\"icon-vote-heart-circle-1\"><\/i>\r\n\t\t\t\t\t\t\t\t\t\t<\/span>\r\n\t\t\t\t\t\t\t\t<span class=\"category-name\">Health &amp; Beauty<\/span>\r\n\t\t\t\t\t\t\t<\/div>\r\n\t\t\t\t\t\t<\/div>\r\n\t\t\t\t\t\t<div class=\"ac-back-side face\">\r\n\t\t\t\t\t\t\t<div class=\"hovering-c\">\r\n\t\t\t\t\t\t\t\t<p>Choose type<\/p>\r\n\t\t\t\t\t\t\t<\/div>\r\n\t\t\t\t\t\t<\/div>\r\n\t\t\t\t\t<\/a>\r\n\t\t\t\t<\/div>\r\n\t\t\t<\/div>\r\n\t\t\t\t<\/div>\r\n\t<\/div>\r\n<\/section>\r\n\t\t\t\t<\/div>\n\t\t\t\t<\/div>\n\t\t\t\t\t<\/div>\n\t\t<\/div>\n\t\t\t\t\t<\/div>\n\t\t<\/section>\n\t\t\t\t<\/div>","protected":false},"excerpt":{"rendered":"<p>A\u00f1adir Publicaci\u00f3n Selecciona el tipo de publicaci\u00f3n<\/p>","protected":false},"author":1,"featured_media":0,"parent":0,"menu_order":0,"comment_status":"closed","ping_status":"closed","template":"","meta":{"footnotes":""},"class_list":["post-17","page","type-page","status-publish","hentry"],"yoast_head":"<!-- This site is optimized with the Yoast SEO plugin v27.5 - https:\/\/yoast.com\/product\/yoast-seo-wordpress\/ -->\n<title>Add a Listing - Benidorm Online<\/title>\n<meta name=\"robots\" content=\"index, follow, max-snippet:-1, max-image-preview:large, max-video-preview:-1\" \/>\n<link rel=\"canonical\" href=\"https:\/\/benidorm.online\/en\/add-listing\/\" \/>\n<meta property=\"og:locale\" content=\"en_GB\" \/>\n<meta property=\"og:type\" content=\"article\" \/>\n<meta property=\"og:title\" content=\"Add a Listing - Benidorm Online\" \/>\n<meta property=\"og:description\" content=\"A\u00f1adir Publicaci\u00f3n Selecciona el tipo de publicaci\u00f3n\" \/>\n<meta property=\"og:url\" content=\"https:\/\/benidorm.online\/en\/add-listing\/\" \/>\n<meta property=\"og:site_name\" content=\"Benidorm Online\" \/>\n<meta property=\"article:modified_time\" content=\"2024-05-15T23:26:28+00:00\" \/>\n<meta name=\"twitter:card\" content=\"summary_large_image\" \/>\n<!-- \/ Yoast SEO plugin. -->","yoast_head_json":{"title":"Add a Listing - Benidorm Online","robots":{"index":"index","follow":"follow","max-snippet":"max-snippet:-1","max-image-preview":"max-image-preview:large","max-video-preview":"max-video-preview:-1"},"canonical":"https:\/\/benidorm.online\/en\/add-listing\/","og_locale":"en_GB","og_type":"article","og_title":"Add a Listing - Benidorm Online","og_description":"A\u00f1adir Publicaci\u00f3n Selecciona el tipo de publicaci\u00f3n","og_url":"https:\/\/benidorm.online\/en\/add-listing\/","og_site_name":"Benidorm Online","article_modified_time":"2024-05-15T23:26:28+00:00","twitter_card":"summary_large_image","schema":{"@context":"https:\/\/schema.org","@graph":[{"@type":"WebPage","@id":"https:\/\/benidorm.online\/add-listing\/","url":"https:\/\/benidorm.online\/add-listing\/","name":"Add a Listing - Benidorm Online","isPartOf":{"@id":"https:\/\/benidorm.online\/#website"},"datePublished":"2017-10-25T23:44:18+00:00","dateModified":"2024-05-15T23:26:28+00:00","breadcrumb":{"@id":"https:\/\/benidorm.online\/add-listing\/#breadcrumb"},"inLanguage":"en-GB","potentialAction":[{"@type":"ReadAction","target":["https:\/\/benidorm.online\/add-listing\/"]}]},{"@type":"BreadcrumbList","@id":"https:\/\/benidorm.online\/add-listing\/#breadcrumb","itemListElement":[{"@type":"ListItem","position":1,"name":"Portada","item":"https:\/\/benidorm.online\/"},{"@type":"ListItem","position":2,"name":"Add a Listing"}]},{"@type":"WebSite","@id":"https:\/\/benidorm.online\/#website","url":"https:\/\/benidorm.online\/","name":"Benidorm Online","description":"","potentialAction":[{"@type":"SearchAction","target":{"@type":"EntryPoint","urlTemplate":"https:\/\/benidorm.online\/?s={search_term_string}"},"query-input":{"@type":"PropertyValueSpecification","valueRequired":true,"valueName":"search_term_string"}}],"inLanguage":"en-GB"}]}},"_links":{"self":[{"href":"https:\/\/benidorm.online\/en\/wp-json\/wp\/v2\/pages\/17","targetHints":{"allow":["GET"]}}],"collection":[{"href":"https:\/\/benidorm.online\/en\/wp-json\/wp\/v2\/pages"}],"about":[{"href":"https:\/\/benidorm.online\/en\/wp-json\/wp\/v2\/types\/page"}],"author":[{"embeddable":true,"href":"https:\/\/benidorm.online\/en\/wp-json\/wp\/v2\/users\/1"}],"replies":[{"embeddable":true,"href":"https:\/\/benidorm.online\/en\/wp-json\/wp\/v2\/comments?post=17"}],"version-history":[{"count":8,"href":"https:\/\/benidorm.online\/en\/wp-json\/wp\/v2\/pages\/17\/revisions"}],"predecessor-version":[{"id":4117,"href":"https:\/\/benidorm.online\/en\/wp-json\/wp\/v2\/pages\/17\/revisions\/4117"}],"wp:attachment":[{"href":"https:\/\/benidorm.online\/en\/wp-json\/wp\/v2\/media?parent=17"}],"curies":[{"name":"wp","href":"https:\/\/api.w.org\/{rel}","templated":true}]}}