{"id":3736,"date":"2019-11-21T17:58:07","date_gmt":"2019-11-21T16:58:07","guid":{"rendered":"https:\/\/benidorm.online\/?page_id=3736"},"modified":"2026-01-15T18:37:27","modified_gmt":"2026-01-15T17:37:27","slug":"aviso-legal-y-politica-de-privacidad","status":"publish","type":"page","link":"https:\/\/benidorm.online\/en\/aviso-legal-y-politica-de-privacidad\/","title":{"rendered":"Legal Notice and Privacy Policy"},"content":{"rendered":"<ol class=\"wp-block-list\">\n<li><strong>INFORMACI\u00d3N<\/strong><\/li>\n<\/ol>\n\n\n\n<p>Esta web es propiedad de 2tr.es DNI: 08861733V<strong>&nbsp; <\/strong>con domicilio en c\/ Gabriel y Gal\u00e1n, 1 Dehesa de Campoamor (Alicante) (en adelante, <strong>benidorm.online<\/strong>).&nbsp;<br><\/p>\n\n\n\n<p>Mediante esta declaraci\u00f3n se informa a los visitantes y usuarios de <strong>benidorm.online<\/strong> (en adelante, LA WEB) de la pol\u00edtica que nuestra empresa sigue en el tratamiento de los datos que se reciben en este sitio web. El objetivo de nuestra pol\u00edtica de privacidad es respetar al m\u00e1ximo la legislaci\u00f3n vigente de protecci\u00f3n de datos personales. Si usted tiene cualquier duda sobre la confidencialidad o el tratamiento que reciben sus datos, as\u00ed como si desea ejercer alguno de los derechos de informaci\u00f3n, oposici\u00f3n, rectificaci\u00f3n, cancelaci\u00f3n y portabilidad que legalmente le corresponden, (o cualquier otro derecho que usted crea que le puede asistir) puede dirigirse a:<\/p>\n\n\n\n<p><strong>David L\u00f3pez<\/strong><\/p>\n\n\n\n<p>Tfno. 619135716.<\/p>\n\n\n\n<p>Correo electr\u00f3nico: benidormon@gmail.com&nbsp;<\/p>\n\n\n\n<p>Todo ello en cumplimiento del art. 11 de la Ley Org\u00e1nica 3\/2018, de 5 de diciembre, de Protecci\u00f3n de Datos Personales y garant\u00eda de los derechos digitales, as\u00ed como de los arts. 12 a 14 del Reglamento (UE) 2016\/679 del Parlamento Europeo y del Consejo, de 27 de abril de 2016 (en adelante RGPD).<\/p>\n\n\n\n<ol class=\"wp-block-list\">\n<li><strong>FINALIDAD DE LOS DATOS RECABADOS Y CONSENTIMIENTO AL TRATAMIENTO<\/strong><\/li>\n<\/ol>\n\n\n\n<p>Seg\u00fan lo establecido en el art\u00edculo 14 del RGPD, se informa al USUARIO que, a trav\u00e9s de los formularios de contacto, o suscripciones se recaban datos, que se almacenan en un fichero, con la exclusiva finalidad de env\u00edo de comunicaciones electr\u00f3nicas, tales como: boletines (newsletters), nuevas entradas (posts), ofertas infoes, as\u00ed como otras comunicaciones que benidorm.online entiende interesantes para sus USUARIOS. Los campos marcados como de cumplimentaci\u00f3n obligatoria, son imprescindibles para realizar la finalidad expresada. Asimismo, podr\u00e1 dar cumplimiento mediante los datos, a los requerimientos solicitados por los USUARIOS.<\/p>\n\n\n\n<p>\u00danicamente el titular tendr\u00e1 acceso a sus datos, y bajo ning\u00fan concepto, estos datos ser\u00e1n cedidos, compartidos, transferidos, ni vendidos a ning\u00fan tercero.<\/p>\n\n\n\n<p>La aceptaci\u00f3n de la pol\u00edtica de privacidad, mediante el procedimiento establecido, se entender\u00e1 a todos los efectos como la prestaci\u00f3n de CONSENTIMIENTO INEQU\u00cdVOCO \u2013 del art\u00edculo 6 de la Ley Org\u00e1nica 3\/2018, de 5 de diciembre, de Protecci\u00f3n de Datos Personales y garant\u00eda de los derechos digitales\u2013 del USUARIO al tratamiento de los datos de car\u00e1cter personal en los t\u00e9rminos que se exponen en el presente documento, as\u00ed como a la transferencia internacional de datos que se produce, exclusivamente debido a la ubicaci\u00f3n f\u00edsica de las instalaciones de los proveedores de servicios y encargados del tratamiento de datos.<\/p>\n\n\n\n<ol class=\"wp-block-list\">\n<li><strong>CUMPLIMIENTO DE LA NORMATIVA DE APLICACI\u00d3N<\/strong><\/li>\n<\/ol>\n\n\n\n<p>LA WEB cumple con las directrices de la Ley Org\u00e1nica 3\/2018, de 5 de diciembre, de Protecci\u00f3n de Datos Personales y garant\u00eda de los derechos digitales, as\u00ed como el Reglamento (UE) 2016\/679 (RGPD \u2013 Reglamento General de Protecci\u00f3n de Datos) y dem\u00e1s normativa vigente y de aplicaci\u00f3n en cada momento, velando por garantizar un correcto uso y tratamiento de los datos personales del usuario.&nbsp;<\/p>\n\n\n\n<p>Asimismo, LA WEB informa que da cumplimiento a la Ley 34\/2002 de 11 de julio, de Servicios de la Sociedad de la Informaci\u00f3n y el Comercio Electr\u00f3nico y le solicitar\u00e1 su consentimiento al USUARIO para el tratamiento de su correo electr\u00f3nico con fines infoes en cada momento.<\/p>\n\n\n\n<p>En cumplimiento de lo establecido en la Ley Org\u00e1nica 3\/2018, de 5 de diciembre, de Protecci\u00f3n de Datos Personales y garant\u00eda de los derechos digitales (LOPDP y GDD), le informamos que los datos suministrados, as\u00ed como aquellos datos derivados de su navegaci\u00f3n, podr\u00e1n ser almacenados en los ficheros de LA WEB y tratados para la finalidad de atender su solicitud y el mantenimiento de la relaci\u00f3n que se establezca en los formularios que suscriba.<\/p>\n\n\n\n<p>Adicionalmente, el USUARIO consiente el tratamiento de sus datos con la finalidad de informarles, por cualquier medio, incluido el correo electr\u00f3nico, de productos y servicios de LA WEB.<\/p>\n\n\n\n<p>En caso de no autorizar el tratamiento de sus datos con la finalidad se\u00f1alada anteriormente, el USUARIO podr\u00e1 ejercer su derecho de oposici\u00f3n al tratamiento de sus datos en los t\u00e9rminos y condiciones previstos m\u00e1s adelante en el apartado \u201cEjercicio de Derechos ARCOP\u201d, conforme al art. 12 y siguientes de la Ley Org\u00e1nica 3\/2018, de 5 de diciembre, de Protecci\u00f3n de Datos Personales y garant\u00eda de los derechos digitales.<br><\/p>\n\n\n\n<ol class=\"wp-block-list\">\n<li><strong>MEDIDAS DE SEGURIDAD<\/strong><\/li>\n<\/ol>\n\n\n\n<p>benidorm.online le informa que tiene implantadas las medidas de seguridad de \u00edndole t\u00e9cnica y organizativas necesarias para garantizar la seguridad de sus datos de car\u00e1cter personal y evitar su alteraci\u00f3n, p\u00e9rdida y tratamiento y\/o acceso no autorizado, habida cuenta del estado de la tecnolog\u00eda, la naturaleza de los datos almacenados y los riesgos a que est\u00e1n expuestos, ya provengan de la acci\u00f3n humana o del medio f\u00edsico o natural. Todo ello de conformidad con lo previsto en los arts. 28 y siguientes de la Ley Org\u00e1nica 3\/2018, de 5 de diciembre, de Protecci\u00f3n de Datos Personales y garant\u00eda de los derechos digitales y el art. 32 del RGPD.<\/p>\n\n\n\n<p>Asimismo, benidorm.online ha establecido medidas adicionales en orden a reforzar la confidencialidad e integridad de la informaci\u00f3n en su organizaci\u00f3n. Manteniendo continuamente la supervisi\u00f3n, control y evaluaci\u00f3n de los procesos para asegurar el respeto a la privacidad de los datos.<br><\/p>\n\n\n\n<ol class=\"wp-block-list\">\n<li><strong>EJERCICIO DE DERECHOS ARCOP: ACCESO, RECTIFICACI\u00d3N, CANCELACI\u00d3N, OPOSICI\u00d3N Y PORTABILIDAD.<\/strong><\/li>\n<\/ol>\n\n\n\n<p>Aquellas personas f\u00edsicas que hayan facilitado sus datos a trav\u00e9s de la web, podr\u00e1n dirigirse al titular de la misma con el fin de poder ejercitar gratuitamente sus derechos de acceso, rectificaci\u00f3n, cancelaci\u00f3n, oposici\u00f3n y portabilidad respecto de los datos incorporados en sus ficheros, conforme al conforme al art. 12 y siguientes de la Ley Org\u00e1nica 3\/2018, de 5 de diciembre, de Protecci\u00f3n de Datos Personales y garant\u00eda de los derechos digitales.<\/p>\n\n\n\n<p>El m\u00e9todo m\u00e1s r\u00e1pido y sencillo ser\u00eda accediendo en tu cuenta de usuario directamente y modificar tus datos o borrar tu cuenta de usuario. Cualquier informaci\u00f3n que necesitemos almacenar, en virtud de una obligaci\u00f3n legal o contractual, ser\u00e1 bloqueada y s\u00f3lo utilizada para dichos fines en lugar de ser borrada.<\/p>\n\n\n\n<p>El interesado podr\u00e1 ejercitar sus derechos mediante comunicaci\u00f3n por escrito dirigida a benidorm.online con la referencia \u201cProtecci\u00f3n de datos\u201d, especificando sus datos, acreditando su identidad y los motivos de su solicitud en la siguiente direcci\u00f3n:<\/p>\n\n\n\n<p><strong>David L\u00f3pez Toledo<\/strong><\/p>\n\n\n\n<p>Domicilio: C\/ Gabriel y Gal\u00e1n, 1 Dehesa de Campoamor 03189 (Alicante).<\/p>\n\n\n\n<p>Tambi\u00e9n podr\u00e1 ejercitar los derechos ARCOP, a trav\u00e9s del correo electr\u00f3nico: benidormon@gmail.com<br><\/p>\n\n\n\n<ol class=\"wp-block-list\">\n<li><strong>LINKS O ENLACES EXTERNOS<\/strong><\/li>\n<\/ol>\n\n\n\n<p>Como un servicio a nuestros visitantes, nuestro sitio web puede incluir hiperv\u00ednculos a otros sitios que no son operados o controlados por el Sitio Web. Por ello benidorm.online no garantiza, ni se hace responsable de la licitud, fiabilidad, utilidad, veracidad y actualidad de los contenidos de tales sitios web o de sus pr\u00e1cticas de privacidad.&nbsp;<\/p>\n\n\n\n<p>Por favor, antes de proporcionar su informaci\u00f3n personal a estos sitios web ajenos a benidorm.online, tenga en cuenta que sus pr\u00e1cticas de privacidad pueden diferir de las nuestras.<\/p>\n\n\n\n<p>El \u00fanico objeto de los enlaces es proporcionar al Usuario la posibilidad de acceder a dichos enlaces y conocer nuestro trabajo, aunque no ofrece ni infoiza por s\u00ed ni por medio de terceros la informaci\u00f3n, contenidos y servicios disponibles en los sitios enlazados, ni aprueba, supervisa o controla en modo alguno los contenidos y servicios y cualquier material de cualquier naturaleza existente en los mismos. benidorm.online no se responsabiliza en ning\u00fan caso de los resultados que puedan derivarse al Usuario por acceso a dichos enlaces.<br><\/p>\n\n\n\n<ol class=\"wp-block-list\">\n<li><strong>&nbsp;MODIFICACI\u00d3N DE LA POL\u00cdTICA DE PRIVACIDAD<\/strong><\/li>\n<\/ol>\n\n\n\n<p>benidorm.online se reserva el derecho a modificar su Pol\u00edtica de Privacidad, de acuerdo a su propio criterio, motivado por un cambio legislativo, jurisprudencial o doctrinal de la Agencia Espa\u00f1ola de Protecci\u00f3n de Datos.<\/p>\n\n\n\n<p>Cualquier modificaci\u00f3n de la Pol\u00edtica de Privacidad ser\u00e1 publicada al menos diez d\u00edas antes de su efectiva aplicaci\u00f3n. El uso de la Web despu\u00e9s de dichos cambios implicar\u00e1 la aceptaci\u00f3n de los mismos.<br><\/p>\n\n\n\n<ol class=\"wp-block-list\">\n<li><strong>&nbsp;RESPONSABLE DEL FICHERO Y ENCARGADOS DEL TRATAMIENTO<\/strong><\/li>\n<\/ol>\n\n\n\n<p>El responsable del fichero de datos es benidorm.online.<\/p>\n\n\n\n<p>Como encargados de tratamiento ajenos al citado responsable:<\/p>\n\n\n\n<p>&#8211; <strong>benidorm.online <\/strong>ha contratado los servicios de Hosting a <strong>Google Ireland, Ltd. <\/strong>(Gordon House Barrow Street Dublin 4 (Ireland). Servidores web alojados en Frankfurt, Alemania. Transferencia internacional de datos considerada de nivel adecuado por la Comisi\u00f3n Europea (Decisi\u00f3n 2002\/2\/CE de la Comisi\u00f3n, de 20 de diciembre de 2001, respecto de las entidades sujetas al \u00e1mbito de aplicaci\u00f3n de la ley europea de protecci\u00f3n de datos).<\/p>\n\n\n\n<p>Pol\u00edtica de privacidad de fuentes de rastreo utilizadas en este sitio: Google (Analytics).<\/p>\n\n\n\n<p>En La Web tambi\u00e9n se estudian las preferencias de sus usuarios, sus caracter\u00edsticas demogr\u00e1ficas, sus patrones de tr\u00e1fico, y otra informaci\u00f3n en conjunto para comprender mejor qui\u00e9nes constituyen nuestra audiencia y qu\u00e9 es lo que necesita. El rastreo de las preferencias de nuestros usuarios tambi\u00e9n nos ayuda a mostrarle los avisos publicitarios m\u00e1s relevantes.<\/p>\n\n\n\n<p>El usuario y, en general, cualquier persona f\u00edsica o jur\u00eddica, podr\u00e1 establecer un hiperenlace o dispositivo t\u00e9cnico de enlace (por ejemplo, links o botones) desde su sitio web a La Web (el \u201cHiperenlace\u201c). El establecimiento del Hiperenlace no implica en ning\u00fan caso la existencia de relaciones entre La Web y el propietario del sitio o de la p\u00e1gina web en la que se establezca el Hiperenlace, ni la aceptaci\u00f3n o aprobaci\u00f3n por parte de La Web de sus contenidos o servicios. En todo caso, La Web se reserva el derecho de prohibir o inutilizar en cualquier momento cualquier Hiperenlace al Sitio Web.<br><\/p>\n\n\n\n<ol class=\"wp-block-list\">\n<li><strong>&nbsp;\u00bfNO DESEAS RECIBIR INFORMACI\u00d3N DE NOSOTROS O DESEAS REVOCAR TU CONSENTIMIENTO?<\/strong><\/li>\n<\/ol>\n\n\n\n<p>De conformidad con lo dispuesto en la Ley 34\/2002, de 11 de junio, de Servicios de la Sociedad de la Informaci\u00f3n y del Comercio Electr\u00f3nico puedes oponerte al uso de su informaci\u00f3n para fines publicitarios, investigaciones de mercado o desarrollo de encuestas de satisfacci\u00f3n en cualquier momento, as\u00ed como revocar tu consentimiento en cualquier momento (sin efecto retroactivo).<\/p>\n\n\n\n<p>Para ello, deber\u00e1s enviar un correo electr\u00f3nico a la direcci\u00f3n benidormon@gmail.com<\/p>\n\n\n\n<p>Si has recibido publicidad por correo electr\u00f3nico, tambi\u00e9n podr\u00e1s oponerte desde dicho correo electr\u00f3nico, pinchando en el enlace incluido en el mismo siguiendo las instrucciones que te sean facilitadas. Otra forma m\u00e1s sencilla ser\u00eda acceder a tu cuenta de usuario y seleccionar las opciones correspondientes.<\/p>\n\n\n\n<p>Por favor, ten en cuenta que nuestros sistemas pueden requerir un lapso de tiempo que en ning\u00fan caso superar\u00e1 48 horas para que tu oposici\u00f3n o revocaci\u00f3n se hagan efectivas, entendi\u00e9ndose que durante dicho periodo de tiempo puedes seguir recibiendo mensajes.<\/p>\n\n\n\n<p>En relaci\u00f3n con la gesti\u00f3n de tus datos asociados a los perfiles sociales de benidorm.online, el ejercicio del derecho de acceso, depender\u00e1 de la funcionalidad de la red social y las posibilidades de acceso a la informaci\u00f3n de los perfiles de los usuarios. Con relaci\u00f3n a los derechos de acceso y rectificaci\u00f3n, le recomendamos que solo podr\u00e1 satisfacerse en relaci\u00f3n a aquella informaci\u00f3n que se encuentre bajo el control de benidorm.online.<\/p>\n\n\n\n<p>Adem\u00e1s podr\u00e1 dejar de interactuar, seguir o recibir informaci\u00f3n de los perfiles sociales de benidorm.online, eliminar los contenidos que dejen de interesarte o restringir con qui\u00e9n comparte sus conexiones, mediante los mecanismos estipulados en las diferentes redes sociales.<\/p>\n\n\n\n<p>El usuario podr\u00e1 acceder a las pol\u00edticas de privacidad de cada Red Social, as\u00ed como configurar su perfil para garantizar su privacidad. benidorm.online anima a los usuarios a familiarizarse con las condiciones de uso de las distintas redes sociales antes de comenzar a usarlas.<\/p>\n\n\n\n<p>Facebook: https:\/\/www.facebook.com\/help\/323540651073243\/<\/p>\n\n\n\n<p>Google: http:\/\/www.google.es\/intl\/es\/policies\/privacy\/<\/p>\n\n\n\n<p>Twitter: https:\/\/twitter.com\/privacy<br><\/p>\n\n\n\n<ol class=\"wp-block-list\">\n<li><strong>&nbsp;ACEPTACI\u00d3N Y CONSENTIMIENTO<\/strong><\/li>\n<\/ol>\n\n\n\n<p>El Usuario declara haber sido informado de las condiciones sobre protecci\u00f3n de datos de car\u00e1cter personal, aceptando y consintiendo el tratamiento de los mismos por parte de benidorm.online en la forma y para las finalidades indicadas en el aviso legal.<br><\/p>\n\n\n\n<ol class=\"wp-block-list\">\n<li><strong>CAMBIOS EN LA PRESENTE POL\u00cdTICA DE PRIVACIDAD<\/strong><\/li>\n<\/ol>\n\n\n\n<p>benidorm.online se reserva el derecho a modificar la presente pol\u00edtica para adaptarla a novedades legislativas o jurisprudenciales, as\u00ed como a pr\u00e1cticas de la industria. En dichos supuestos, el Prestador anunciar\u00e1 en esta p\u00e1gina los cambios introducidos con razonable antelaci\u00f3n a su puesta en pr\u00e1ctica.<strong>&nbsp;<\/strong><br><\/p>\n\n\n\n<ol class=\"wp-block-list\">\n<li><strong>PROPIEDAD INTELECTUAL Y USO DE LOS CONTENIDOS<\/strong><\/li>\n<\/ol>\n\n\n\n<p>Los contenidos generales de la web (im\u00e1genes, textos, logotipos) son propiedad de benidorm.online. Ning\u00fan contenido de la web puede ser reproducido, mencionado ni enlazado por cualquier medio t\u00e9cnico sin el permiso expreso por escrito de benidorm.online.<\/p>\n\n\n\n<p>Todos los logos, marcas y nombres comerciales mencionados en este sitio son propiedad de sus respectivos due\u00f1os y se utilizan aqu\u00ed \u00fanicamente con fines informativos e identificativos<\/p>\n\n\n\n<p>Eventualmente esta web puede publicar contenidos de otros colaboradores en forma de art\u00edculos especializados o entradas de blog. En todo caso los permisos de reproducci\u00f3n y enlace ser\u00e1n los mencionados en este punto para los contenidos propios.<br><\/p>","protected":false},"excerpt":{"rendered":"<p>Esta web es propiedad de 2tr.es DNI: 08861733V&nbsp; con domicilio en c\/ Gabriel y Gal\u00e1n, 1 Dehesa de Campoamor (Alicante) (en adelante, benidorm.online).&nbsp; Mediante esta declaraci\u00f3n se informa a los visitantes y usuarios de benidorm.online (en adelante, LA WEB) de la pol\u00edtica que nuestra empresa sigue en el tratamiento de los datos que se reciben [&hellip;]<\/p>\n","protected":false},"author":1,"featured_media":0,"parent":0,"menu_order":0,"comment_status":"closed","ping_status":"closed","template":"templates\/content-no-sidebar.php","meta":{"footnotes":""},"class_list":["post-3736","page","type-page","status-publish","hentry"],"yoast_head":"<!-- This site is optimized with the Yoast SEO plugin v27.5 - https:\/\/yoast.com\/product\/yoast-seo-wordpress\/ -->\n<title>Aviso Legal y Pol\u00edtica de Privacidad - Benidorm Online<\/title>\n<meta name=\"robots\" content=\"index, follow, max-snippet:-1, max-image-preview:large, max-video-preview:-1\" \/>\n<link rel=\"canonical\" href=\"https:\/\/benidorm.online\/en\/aviso-legal-y-politica-de-privacidad\/\" \/>\n<meta property=\"og:locale\" content=\"en_GB\" \/>\n<meta property=\"og:type\" content=\"article\" \/>\n<meta property=\"og:title\" content=\"Aviso Legal y Pol\u00edtica de Privacidad - Benidorm Online\" \/>\n<meta property=\"og:description\" content=\"Esta web es propiedad de 2tr.es DNI: 08861733V&nbsp; con domicilio en c\/ Gabriel y Gal\u00e1n, 1 Dehesa de Campoamor (Alicante) (en adelante, benidorm.online).&nbsp; Mediante esta declaraci\u00f3n se informa a los visitantes y usuarios de benidorm.online (en adelante, LA WEB) de la pol\u00edtica que nuestra empresa sigue en el tratamiento de los datos que se reciben [&hellip;]\" \/>\n<meta property=\"og:url\" content=\"https:\/\/benidorm.online\/en\/aviso-legal-y-politica-de-privacidad\/\" \/>\n<meta property=\"og:site_name\" content=\"Benidorm Online\" \/>\n<meta property=\"article:modified_time\" content=\"2026-01-15T17:37:27+00:00\" \/>\n<meta name=\"twitter:card\" content=\"summary_large_image\" \/>\n<!-- \/ Yoast SEO plugin. -->","yoast_head_json":{"title":"Aviso Legal y Pol\u00edtica de Privacidad - Benidorm Online","robots":{"index":"index","follow":"follow","max-snippet":"max-snippet:-1","max-image-preview":"max-image-preview:large","max-video-preview":"max-video-preview:-1"},"canonical":"https:\/\/benidorm.online\/en\/aviso-legal-y-politica-de-privacidad\/","og_locale":"en_GB","og_type":"article","og_title":"Aviso Legal y Pol\u00edtica de Privacidad - Benidorm Online","og_description":"Esta web es propiedad de 2tr.es DNI: 08861733V&nbsp; con domicilio en c\/ Gabriel y Gal\u00e1n, 1 Dehesa de Campoamor (Alicante) (en adelante, benidorm.online).&nbsp; Mediante esta declaraci\u00f3n se informa a los visitantes y usuarios de benidorm.online (en adelante, LA WEB) de la pol\u00edtica que nuestra empresa sigue en el tratamiento de los datos que se reciben [&hellip;]","og_url":"https:\/\/benidorm.online\/en\/aviso-legal-y-politica-de-privacidad\/","og_site_name":"Benidorm Online","article_modified_time":"2026-01-15T17:37:27+00:00","twitter_card":"summary_large_image","schema":{"@context":"https:\/\/schema.org","@graph":[{"@type":"WebPage","@id":"https:\/\/benidorm.online\/aviso-legal-y-politica-de-privacidad\/","url":"https:\/\/benidorm.online\/aviso-legal-y-politica-de-privacidad\/","name":"Aviso Legal y Pol\u00edtica de Privacidad - Benidorm Online","isPartOf":{"@id":"https:\/\/benidorm.online\/#website"},"datePublished":"2019-11-21T16:58:07+00:00","dateModified":"2026-01-15T17:37:27+00:00","breadcrumb":{"@id":"https:\/\/benidorm.online\/aviso-legal-y-politica-de-privacidad\/#breadcrumb"},"inLanguage":"en-GB","potentialAction":[{"@type":"ReadAction","target":["https:\/\/benidorm.online\/aviso-legal-y-politica-de-privacidad\/"]}]},{"@type":"BreadcrumbList","@id":"https:\/\/benidorm.online\/aviso-legal-y-politica-de-privacidad\/#breadcrumb","itemListElement":[{"@type":"ListItem","position":1,"name":"Portada","item":"https:\/\/benidorm.online\/"},{"@type":"ListItem","position":2,"name":"Aviso Legal y Pol\u00edtica de Privacidad"}]},{"@type":"WebSite","@id":"https:\/\/benidorm.online\/#website","url":"https:\/\/benidorm.online\/","name":"Benidorm Online","description":"","potentialAction":[{"@type":"SearchAction","target":{"@type":"EntryPoint","urlTemplate":"https:\/\/benidorm.online\/?s={search_term_string}"},"query-input":{"@type":"PropertyValueSpecification","valueRequired":true,"valueName":"search_term_string"}}],"inLanguage":"en-GB"}]}},"_links":{"self":[{"href":"https:\/\/benidorm.online\/en\/wp-json\/wp\/v2\/pages\/3736","targetHints":{"allow":["GET"]}}],"collection":[{"href":"https:\/\/benidorm.online\/en\/wp-json\/wp\/v2\/pages"}],"about":[{"href":"https:\/\/benidorm.online\/en\/wp-json\/wp\/v2\/types\/page"}],"author":[{"embeddable":true,"href":"https:\/\/benidorm.online\/en\/wp-json\/wp\/v2\/users\/1"}],"replies":[{"embeddable":true,"href":"https:\/\/benidorm.online\/en\/wp-json\/wp\/v2\/comments?post=3736"}],"version-history":[{"count":6,"href":"https:\/\/benidorm.online\/en\/wp-json\/wp\/v2\/pages\/3736\/revisions"}],"predecessor-version":[{"id":4313,"href":"https:\/\/benidorm.online\/en\/wp-json\/wp\/v2\/pages\/3736\/revisions\/4313"}],"wp:attachment":[{"href":"https:\/\/benidorm.online\/en\/wp-json\/wp\/v2\/media?parent=3736"}],"curies":[{"name":"wp","href":"https:\/\/api.w.org\/{rel}","templated":true}]}}